{"id":615,"date":"2026-04-16T23:57:03","date_gmt":"2026-04-16T23:57:03","guid":{"rendered":"https:\/\/hg.jungblut.dev\/?page_id=615"},"modified":"2026-04-24T18:58:35","modified_gmt":"2026-04-24T18:58:35","slug":"leistungen","status":"publish","type":"page","link":"https:\/\/hg.jungblut.dev\/index.php\/leistungen\/","title":{"rendered":"Leistungen"},"content":{"rendered":"\t\t<div data-elementor-type=\"wp-page\" data-elementor-id=\"615\" class=\"elementor elementor-615\" data-elementor-post-type=\"page\">\n\t\t\t\t<div class=\"elementor-element elementor-element-2711609 e-con-full e-flex e-con e-parent\" data-id=\"2711609\" data-element_type=\"container\" data-e-type=\"container\" data-settings=\"{&quot;background_background&quot;:&quot;classic&quot;}\">\n\t\t<div class=\"elementor-element elementor-element-d9e4ad1 e-flex e-con-boxed e-con e-child\" data-id=\"d9e4ad1\" data-element_type=\"container\" data-e-type=\"container\">\n\t\t\t\t\t<div class=\"e-con-inner\">\n\t\t\t\t<div class=\"elementor-element elementor-element-4cd2623 underlineme elementor-invisible elementor-widget elementor-widget-heading\" data-id=\"4cd2623\" data-element_type=\"widget\" data-e-type=\"widget\" data-settings=\"{&quot;_animation&quot;:&quot;fadeIn&quot;}\" data-widget_type=\"heading.default\">\n\t\t\t\t\t<p class=\"elementor-heading-title elementor-size-default\">RECHTSGEBIETE<\/p>\t\t\t\t<\/div>\n\t\t\t\t<div class=\"elementor-element elementor-element-2d220a7 elementor-invisible elementor-widget elementor-widget-heading\" data-id=\"2d220a7\" data-element_type=\"widget\" data-e-type=\"widget\" data-settings=\"{&quot;_animation&quot;:&quot;fadeIn&quot;}\" data-widget_type=\"heading.default\">\n\t\t\t\t\t<h2 class=\"elementor-heading-title elementor-size-default\">Restrukturierungs- und Insolvenzberatung.\n<\/h2>\t\t\t\t<\/div>\n\t\t\t\t\t<\/div>\n\t\t\t\t<\/div>\n\t\t\t\t<\/div>\n\t\t<div class=\"elementor-element elementor-element-d39000f e-con-full e-flex e-con e-parent\" data-id=\"d39000f\" data-element_type=\"container\" data-e-type=\"container\" data-settings=\"{&quot;background_background&quot;:&quot;classic&quot;}\">\n\t\t<div class=\"elementor-element elementor-element-3628d330 e-con-full e-flex e-con e-child\" data-id=\"3628d330\" data-element_type=\"container\" data-e-type=\"container\">\n\t\t\t\t<div class=\"elementor-element elementor-element-9453646 elementor-widget__width-initial elementor-widget-mobile__width-inherit elementor-widget elementor-widget-heading\" data-id=\"9453646\" data-element_type=\"widget\" data-e-type=\"widget\" data-widget_type=\"heading.default\">\n\t\t\t\t\t<h3 class=\"elementor-heading-title elementor-size-default\">Gesellschafter- und Organberatung<\/h3>\t\t\t\t<\/div>\n\t\t<div class=\"elementor-element elementor-element-d32e6d6 e-con-full e-flex e-con e-child\" data-id=\"d32e6d6\" data-element_type=\"container\" data-e-type=\"container\" data-settings=\"{&quot;background_background&quot;:&quot;classic&quot;}\">\n\t\t\t\t<div class=\"elementor-element elementor-element-12c104d8 elementor-widget__width-initial elementor-widget-mobile__width-inherit elementor-widget elementor-widget-text-editor\" data-id=\"12c104d8\" data-element_type=\"widget\" data-e-type=\"widget\" data-widget_type=\"text-editor.default\">\n\t\t\t\t\t\t\t\t\tHEUBLEIN GRAU ber\u00e4t Gesellschafter und Organe von Kapitalgesellschaften (Gesch\u00e4ftsf\u00fchrer, Vorst\u00e4nde und Aufsichtsr\u00e4te) umfassend im Hinblick auf ihre Rechte und Pflichten in anspruchsvollen Sondersituationen und bei der Vermeidung von pers\u00f6nlichen Haftungsrisiken, insbesondere auch im Zusammenhang mit der \u00dcberwachung der Insolvenzantragspflichten bei au\u00dfergerichtlichen Sanierungen. Wir helfen unseren Mandanten die richtigen Managementakzente zu setzen, um Unternehmenskrisen zu bew\u00e4ltigen und Werte zu erhalten.<br><br>\nL\u00e4sst sich die Stellung eines Insolvenzantrags nicht mehr vermeiden, stellen wir f\u00fcr unsere Mandanten den notwendigen Insolvenzantrag, vorzugsweise mit der Zielsetzung der Anordnung einer Eigenverwaltung.<br><br>\nHaften Gesellschafter oder Organe gegen\u00fcber Insolvenzverwaltern und\/oder aus B\u00fcrgschaften in einer H\u00f6he, die ihre wirtschaftliche Leistungsf\u00e4higkeit deutlich \u00fcbersteigt, verhandeln wir mit diesen Gl\u00e4ubigern f\u00fcr alle Beteiligten tragf\u00e4hige Vergleiche, um f\u00f6rmliche Insolvenzverfahren zu vermeiden. \t\t\t\t\t\t\t\t<\/div>\n\t\t\t\t<\/div>\n\t\t\t\t<\/div>\n\t\t<div class=\"elementor-element elementor-element-281e829d e-con-full e-flex e-con e-child\" data-id=\"281e829d\" data-element_type=\"container\" data-e-type=\"container\">\n\t\t\t\t<div class=\"elementor-element elementor-element-6679856a elementor-widget__width-initial elementor-widget-mobile__width-inherit elementor-widget elementor-widget-heading\" data-id=\"6679856a\" data-element_type=\"widget\" data-e-type=\"widget\" data-widget_type=\"heading.default\">\n\t\t\t\t\t<h3 class=\"elementor-heading-title elementor-size-default\">Eigenverwaltung und Schutzschirm<\/h3>\t\t\t\t<\/div>\n\t\t\t\t<div class=\"elementor-element elementor-element-4f10b62a elementor-widget__width-initial elementor-widget-mobile__width-inherit elementor-widget elementor-widget-text-editor\" data-id=\"4f10b62a\" data-element_type=\"widget\" data-e-type=\"widget\" data-widget_type=\"text-editor.default\">\n\t\t\t\t\t\t\t\t\tDie Partner von HEUBLEIN GRAU haben zahlreiche Eigenverwaltungen bzw. Schutzschirmverfahren und Insolvenzpl\u00e4ne erfolgreich durchgef\u00fchrt und dabei Werte f\u00fcr Gl\u00e4ubiger und Gesellschafter erhalten. Wir unterst\u00fctzen unsere Mandanten bei der rechtlichen und betriebswirtschaftlichen Erstellung von Insolvenzpl\u00e4nen sowie Sanierungskonzepten. Sowohl in beratender Funktion als auch als Gesellschaftsorgan bzw. als Generalbevollm\u00e4chtigter \u00fcbernehmen wir das Prozessmanagement bei der Vorbereitung und Durchf\u00fchrung von Insolvenzverfahren in Eigenverwaltung.\t\t\t\t\t\t\t\t<\/div>\n\t\t\t\t<\/div>\n\t\t<div class=\"elementor-element elementor-element-5b7950e7 e-con-full e-flex e-con e-child\" data-id=\"5b7950e7\" data-element_type=\"container\" data-e-type=\"container\">\n\t\t\t\t<div class=\"elementor-element elementor-element-4d7d7b49 elementor-widget__width-initial elementor-widget-mobile__width-inherit elementor-widget elementor-widget-heading\" data-id=\"4d7d7b49\" data-element_type=\"widget\" data-e-type=\"widget\" data-widget_type=\"heading.default\">\n\t\t\t\t\t<h3 class=\"elementor-heading-title elementor-size-default\">Unternehmenskauf aus der Insolvenz<\/h3>\t\t\t\t<\/div>\n\t\t\t\t<div class=\"elementor-element elementor-element-1eab546f elementor-widget__width-initial elementor-widget-mobile__width-inherit elementor-widget elementor-widget-text-editor\" data-id=\"1eab546f\" data-element_type=\"widget\" data-e-type=\"widget\" data-widget_type=\"text-editor.default\">\n\t\t\t\t\t\t\t\t\tWir beraten Investoren beim Erwerb von Unternehmen aus der Insolvenz im Rahmen von \u201eAsset Deals\u201c. Durch unsere jahrelange Erfahrung kennen wir die Bed\u00fcrfnisse beider Seiten der Transaktion und sind in der Lage, die Verhandlungen f\u00fcr unsere Mandanten effizient und zielf\u00fchrend zu gestalten.\t\t\t\t\t\t\t\t<\/div>\n\t\t\t\t<\/div>\n\t\t<div class=\"elementor-element elementor-element-44e5ecda e-con-full e-flex e-con e-child\" data-id=\"44e5ecda\" data-element_type=\"container\" data-e-type=\"container\">\n\t\t\t\t<div class=\"elementor-element elementor-element-b2c93f1 elementor-widget__width-initial elementor-widget-mobile__width-inherit elementor-widget elementor-widget-heading\" data-id=\"b2c93f1\" data-element_type=\"widget\" data-e-type=\"widget\" data-widget_type=\"heading.default\">\n\t\t\t\t\t<h3 class=\"elementor-heading-title elementor-size-default\">Beratung und Vertretung von Gl\u00e4ubigern in der Krise ihres Kunden\n<\/h3>\t\t\t\t<\/div>\n\t\t\t\t<div class=\"elementor-element elementor-element-4ef86313 elementor-widget__width-initial elementor-widget-mobile__width-inherit elementor-widget elementor-widget-text-editor\" data-id=\"4ef86313\" data-element_type=\"widget\" data-e-type=\"widget\" data-widget_type=\"text-editor.default\">\n\t\t\t\t\t\t\t\t\tGeraten Kunden unserer Mandanten in die Krise, analysieren wir f\u00fcr unsere Mandanten bereits bestehende Anfechtungs- und Haftungsrisiken und beraten sie durch anfechtungs- und haftungsreduzierende Gestaltung der Gesch\u00e4ftsbeziehung mit dem Krisenunternehmen. Hat der Kunde unseres Mandanten Insolvenz angemeldet, vertreten wir die Interessen unseres Mandanten im Insolvenzverfahren. Neben der Geltendmachung von Sicherungsrechten stellt das Aushandeln von Fortf\u00fchrungs- und Verwertungsvereinbarungen einen Schwerpunkt unserer T\u00e4tigkeit dar. \t\t\t\t\t\t\t\t<\/div>\n\t\t\t\t<\/div>\n\t\t<div class=\"elementor-element elementor-element-a41e231 e-con-full e-flex e-con e-child\" data-id=\"a41e231\" data-element_type=\"container\" data-e-type=\"container\">\n\t\t\t\t<div class=\"elementor-element elementor-element-4556fc8 elementor-widget__width-initial elementor-widget-mobile__width-inherit elementor-widget elementor-widget-heading\" data-id=\"4556fc8\" data-element_type=\"widget\" data-e-type=\"widget\" data-widget_type=\"heading.default\">\n\t\t\t\t\t<h3 class=\"elementor-heading-title elementor-size-default\">Restrukturierung \/ StaRUG<\/h3>\t\t\t\t<\/div>\n\t\t\t\t<div class=\"elementor-element elementor-element-398a05d elementor-widget__width-initial elementor-widget-mobile__width-inherit elementor-widget elementor-widget-text-editor\" data-id=\"398a05d\" data-element_type=\"widget\" data-e-type=\"widget\" data-widget_type=\"text-editor.default\">\n\t\t\t\t\t\t\t\t\tAm 01.01.2021 ist das Gesetz \u00fcber den Stabilisierungs- und Restrukturierungsrahmen f\u00fcr Unternehmen (StaRUG) in Kraft getreten, das ein neues Verfahren f\u00fcr die Sanierung von Unternehmen erm\u00f6glicht. Ein Verfahren nach dem StaRUG eignet sich insbesondere f\u00fcr Krisenf\u00e4lle mit komplexen Finanzierungsstrukturen, in denen vor allem Beitr\u00e4ge der Gl\u00e4ubiger erforderlich sind (insbesondere Neugestaltung der Forderungen und sonstiger Rechte). Im Rahmen eines sog. Restrukturierungsplans ist es m\u00f6glich, einzelnen Gl\u00e4ubigern gegen ihren Willen einen Sanierungsbeitrag abzuverlangen, wenn die gro\u00dfe Mehrheit der \u00fcbrigen Gl\u00e4ubiger f\u00fcr den Restrukturierungsplan stimmt.\nIn StaRUG-Verfahren beraten wir sowohl Unternehmen und Gesch\u00e4ftsleitungen als auch Gl\u00e4ubiger und sonstige Planbetroffene. Das Team von HEUBLEIN GRAU ist Verfasser des bundesweit ersten gerichtlichen Restrukturierungsplans nach dem StaRUG. \t\t\t\t\t\t\t\t<\/div>\n\t\t\t\t<\/div>\n\t\t\t\t<\/div>\n\t\t<div class=\"elementor-element elementor-element-bec2f71 e-con-full e-flex e-con e-parent\" data-id=\"bec2f71\" data-element_type=\"container\" data-e-type=\"container\" data-settings=\"{&quot;background_background&quot;:&quot;classic&quot;}\">\n\t\t<div class=\"elementor-element elementor-element-746d6ab e-con-full e-flex e-con e-child\" data-id=\"746d6ab\" data-element_type=\"container\" data-e-type=\"container\">\n\t\t\t\t<div class=\"elementor-element elementor-element-29653a1 elementor-widget__width-initial elementor-widget-mobile__width-inherit elementor-widget elementor-widget-text-editor\" data-id=\"29653a1\" data-element_type=\"widget\" data-e-type=\"widget\" data-widget_type=\"text-editor.default\">\n\t\t\t\t\t\t\t\t\tHEUBLEIN GRAU unterst\u00fctzt Sie in s\u00e4mtlichen Bereichen des Personen-, Kapitalgesellschafts- und Umwandlungsrechts. Wir begleiten unsere Mandanten bei Unternehmensgr\u00fcndungen, Gesellschafterversammlungen, Ver\u00e4nderungen der Gesellschafter- und Aktion\u00e4rsstruktur sowie gesellschaftsrechtlichen Umstrukturierungen. Daneben vertreten wir die Interessen von Vorst\u00e4nden, Gesch\u00e4ftsf\u00fchrern, Aufsichtsr\u00e4ten und Gesellschaftern, insbesondere auch im Zusammenhang mit Haftungsfragen.\n\nAuch beraten wir Mandanten bei der solventen Liquidation von zu liquidierenden Personen- und Kapitalgesellschaften.\t\t\t\t\t\t\t\t<\/div>\n\t\t\t\t<div class=\"elementor-element elementor-element-a53eee6 elementor-widget__width-initial elementor-widget-mobile__width-inherit elementor-widget elementor-widget-heading\" data-id=\"a53eee6\" data-element_type=\"widget\" data-e-type=\"widget\" data-widget_type=\"heading.default\">\n\t\t\t\t\t<h3 class=\"elementor-heading-title elementor-size-default\">Gesellschaftsrecht<\/h3>\t\t\t\t<\/div>\n\t\t\t\t<\/div>\n\t\t\t\t<\/div>\n\t\t<div class=\"elementor-element elementor-element-346028e e-con-full e-flex e-con e-parent\" data-id=\"346028e\" data-element_type=\"container\" data-e-type=\"container\" data-settings=\"{&quot;background_background&quot;:&quot;classic&quot;}\">\n\t\t<div class=\"elementor-element elementor-element-b9e8204 e-con-full e-flex e-con e-child\" data-id=\"b9e8204\" data-element_type=\"container\" data-e-type=\"container\">\n\t\t\t\t<div class=\"elementor-element elementor-element-7814fc9 elementor-widget__width-initial elementor-widget-mobile__width-inherit elementor-widget elementor-widget-heading\" data-id=\"7814fc9\" data-element_type=\"widget\" data-e-type=\"widget\" data-widget_type=\"heading.default\">\n\t\t\t\t\t<h3 class=\"elementor-heading-title elementor-size-default\">Prozessf\u00fchrung<\/h3>\t\t\t\t<\/div>\n\t\t\t\t<div class=\"elementor-element elementor-element-80fa2ff elementor-widget__width-initial elementor-widget-mobile__width-inherit elementor-widget elementor-widget-text-editor\" data-id=\"80fa2ff\" data-element_type=\"widget\" data-e-type=\"widget\" data-widget_type=\"text-editor.default\">\n\t\t\t\t\t\t\t\t\t Wir beraten und vertreten unsere Mandanten in au\u00dfergerichtlichen Auseinandersetzungen sowie in gerichtlichen Verfahren. Dies erfasst sowohl die Durchsetzung als auch die Abwehr von Anspr\u00fcchen. In unserem Spezialgebiet Insolvenzrecht sind wir insbesondere in Haftungs- und Anfechtungsprozessen f\u00fcr Insolvenzverwalter, Unternehmen und Organe t\u00e4tig, oftmals auch unter Beteiligung von D&#038;O-Versicherern. Daneben vertreten wir unsere Mandanten auch in allgemeinen Zivil- und Handelssachen.\t\t\t\t\t\t\t\t<\/div>\n\t\t\t\t<\/div>\n\t\t\t\t<\/div>\n\t\t<div class=\"elementor-element elementor-element-cac4ec6 e-con-full e-flex e-con e-parent\" data-id=\"cac4ec6\" data-element_type=\"container\" data-e-type=\"container\" data-settings=\"{&quot;background_background&quot;:&quot;classic&quot;}\">\n\t\t<div class=\"elementor-element elementor-element-1ed23a8 e-con-full e-flex e-con e-child\" data-id=\"1ed23a8\" data-element_type=\"container\" data-e-type=\"container\">\n\t\t\t\t<div class=\"elementor-element elementor-element-2286915 elementor-widget__width-initial elementor-widget-mobile__width-inherit elementor-widget elementor-widget-text-editor\" data-id=\"2286915\" data-element_type=\"widget\" data-e-type=\"widget\" data-widget_type=\"text-editor.default\">\n\t\t\t\t\t\t\t\t\tHEUBLEIN GRAU ber\u00e4t Unternehmen, Insolvenzverwalter und CROs in s\u00e4mtlichen arbeitsrechtlichen Fragen. Schwerpunkt der Beratungst\u00e4tigkeit ist die umfassende arbeitsrechtliche Beratung im Zusammenhang mit Restrukturierungen in Schutzschirmverfahren, Eigenverwaltungsverfahren und in Insolvenzverfahren sowie im Rahmen au\u00dferinsolvenzlicher Sanierungsma\u00dfnahmen.<br><br>\nTypischerweise umfasst die Beratung hierbei die Verhandlung von Interessenausgleichen, Sozialpl\u00e4nen, Betriebsvereinbarungen zur Durchf\u00fchrung von Transferma\u00dfnahmen und Standortsicherungsvereinbarungen. Wir vertreten unsere Mandanten in s\u00e4mtlichen individual- und kollektivarbeitsrechtlichen Angelegenheiten sowohl gerichtlich als auch au\u00dfergerichtlich.\t\t\t\t\t\t\t\t<\/div>\n\t\t\t\t<div class=\"elementor-element elementor-element-4be15c9 elementor-widget__width-initial elementor-widget-mobile__width-inherit elementor-widget elementor-widget-heading\" data-id=\"4be15c9\" data-element_type=\"widget\" data-e-type=\"widget\" data-widget_type=\"heading.default\">\n\t\t\t\t\t<h3 class=\"elementor-heading-title elementor-size-default\">Arbeitsrecht<\/h3>\t\t\t\t<\/div>\n\t\t\t\t<\/div>\n\t\t\t\t<\/div>\n\t\t<div class=\"elementor-element elementor-element-568ccee e-con-full e-flex e-con e-parent\" data-id=\"568ccee\" data-element_type=\"container\" data-e-type=\"container\" data-settings=\"{&quot;background_background&quot;:&quot;classic&quot;}\">\n\t\t<div class=\"elementor-element elementor-element-478b4af e-con-full e-flex e-con e-child\" data-id=\"478b4af\" data-element_type=\"container\" data-e-type=\"container\">\n\t\t\t\t<div class=\"elementor-element elementor-element-51be974 elementor-widget__width-initial elementor-widget-mobile__width-inherit elementor-widget elementor-widget-heading\" data-id=\"51be974\" data-element_type=\"widget\" data-e-type=\"widget\" data-widget_type=\"heading.default\">\n\t\t\t\t\t<h3 class=\"elementor-heading-title elementor-size-default\">Ermittlung von Sonderaktiva<\/h3>\t\t\t\t<\/div>\n\t\t\t\t<div class=\"elementor-element elementor-element-7a9d4ee elementor-widget__width-initial elementor-widget-mobile__width-inherit elementor-widget elementor-widget-text-editor\" data-id=\"7a9d4ee\" data-element_type=\"widget\" data-e-type=\"widget\" data-widget_type=\"text-editor.default\">\n\t\t\t\t\t\t\t\t\tHEUBLEIN GRAU verf\u00fcgt \u00fcber eine besondere Expertise bei der investigativen Ermittlung von Anfechtungs- und Haftungsanspr\u00fcchen in Insolvenzverfahren. Aufgrund jahrelanger Befassung mit der Ermittlung derartiger Anspr\u00fcche in Insolvenzverfahren ermitteln wir f\u00fcr Insolvenzverwalter auch ohne konkrete Anhaltspunkte die haftungsbegr\u00fcndenden Sachverhalte und verfassen f\u00fcr Insolvenzverwalter au\u00dfergerichtliche Anspruchsschreiben.<br><br>\nStehen m\u00f6gliche Anfechtungs- oder Haftungsanspr\u00fcche im Raum, ermitteln wir den Lebenssachverhalt aus und erstellen gutachterliche Stellungnahmen zum (Nicht-)Bestehen der kl\u00e4rungsbed\u00fcrftigen Anspr\u00fcche. \t\t\t\t\t\t\t\t<\/div>\n\t\t\t\t<\/div>\n\t\t\t\t<\/div>\n\t\t\t\t<\/div>\n\t\t","protected":false},"excerpt":{"rendered":"<p>RECHTSGEBIETE Restrukturierungs- und Insolvenzberatung. Gesellschafter- und Organberatung HEUBLEIN GRAU ber\u00e4t Gesellschafter und Organe von Kapitalgesellschaften (Gesch\u00e4ftsf\u00fchrer, Vorst\u00e4nde und Aufsichtsr\u00e4te) umfassend [&hellip;]<\/p>\n","protected":false},"author":1,"featured_media":0,"parent":0,"menu_order":0,"comment_status":"closed","ping_status":"closed","template":"elementor_header_footer","meta":{"site-sidebar-layout":"no-sidebar","site-content-layout":"","ast-site-content-layout":"full-width-container","site-content-style":"default","site-sidebar-style":"default","ast-global-header-display":"","ast-banner-title-visibility":"","ast-main-header-display":"","ast-hfb-above-header-display":"","ast-hfb-below-header-display":"","ast-hfb-mobile-header-display":"","site-post-title":"","ast-breadcrumbs-content":"","ast-featured-img":"disabled","footer-sml-layout":"","ast-disable-related-posts":"","theme-transparent-header-meta":"","adv-header-id-meta":"","stick-header-meta":"","header-above-stick-meta":"","header-main-stick-meta":"","header-below-stick-meta":"","astra-migrate-meta-layouts":"default","ast-page-background-enabled":"default","ast-page-background-meta":{"desktop":{"background-color":"var(--ast-global-color-5)","background-image":"","background-repeat":"repeat","background-position":"center center","background-size":"auto","background-attachment":"scroll","background-type":"","background-media":"","overlay-type":"","overlay-color":"","overlay-opacity":"","overlay-gradient":""},"tablet":{"background-color":"","background-image":"","background-repeat":"repeat","background-position":"center center","background-size":"auto","background-attachment":"scroll","background-type":"","background-media":"","overlay-type":"","overlay-color":"","overlay-opacity":"","overlay-gradient":""},"mobile":{"background-color":"","background-image":"","background-repeat":"repeat","background-position":"center center","background-size":"auto","background-attachment":"scroll","background-type":"","background-media":"","overlay-type":"","overlay-color":"","overlay-opacity":"","overlay-gradient":""}},"ast-content-background-meta":{"desktop":{"background-color":"var(--ast-global-color-4)","background-image":"","background-repeat":"repeat","background-position":"center center","background-size":"auto","background-attachment":"scroll","background-type":"","background-media":"","overlay-type":"","overlay-color":"","overlay-opacity":"","overlay-gradient":""},"tablet":{"background-color":"var(--ast-global-color-4)","background-image":"","background-repeat":"repeat","background-position":"center center","background-size":"auto","background-attachment":"scroll","background-type":"","background-media":"","overlay-type":"","overlay-color":"","overlay-opacity":"","overlay-gradient":""},"mobile":{"background-color":"var(--ast-global-color-4)","background-image":"","background-repeat":"repeat","background-position":"center center","background-size":"auto","background-attachment":"scroll","background-type":"","background-media":"","overlay-type":"","overlay-color":"","overlay-opacity":"","overlay-gradient":""}},"footnotes":""},"class_list":["post-615","page","type-page","status-publish","hentry"],"_links":{"self":[{"href":"https:\/\/hg.jungblut.dev\/index.php\/wp-json\/wp\/v2\/pages\/615","targetHints":{"allow":["GET"]}}],"collection":[{"href":"https:\/\/hg.jungblut.dev\/index.php\/wp-json\/wp\/v2\/pages"}],"about":[{"href":"https:\/\/hg.jungblut.dev\/index.php\/wp-json\/wp\/v2\/types\/page"}],"author":[{"embeddable":true,"href":"https:\/\/hg.jungblut.dev\/index.php\/wp-json\/wp\/v2\/users\/1"}],"replies":[{"embeddable":true,"href":"https:\/\/hg.jungblut.dev\/index.php\/wp-json\/wp\/v2\/comments?post=615"}],"version-history":[{"count":125,"href":"https:\/\/hg.jungblut.dev\/index.php\/wp-json\/wp\/v2\/pages\/615\/revisions"}],"predecessor-version":[{"id":1201,"href":"https:\/\/hg.jungblut.dev\/index.php\/wp-json\/wp\/v2\/pages\/615\/revisions\/1201"}],"wp:attachment":[{"href":"https:\/\/hg.jungblut.dev\/index.php\/wp-json\/wp\/v2\/media?parent=615"}],"curies":[{"name":"wp","href":"https:\/\/api.w.org\/{rel}","templated":true}]}}